{"id":177,"date":"2015-05-24T16:18:33","date_gmt":"2015-05-24T16:18:33","guid":{"rendered":"http:\/\/s391029735.online.de\/?page_id=177"},"modified":"2024-08-07T16:43:32","modified_gmt":"2024-08-07T16:43:32","slug":"willkommen-in-pirna-das-tor-zur-saechsischen-schweiz","status":"publish","type":"page","link":"https:\/\/ferien-im-elbtal.de\/","title":{"rendered":""},"content":{"rendered":"<h2>Liebe Ferieng\u00e4ste,<\/h2>\n<p>wir hei\u00dfen Sie hier herzlich Willkommen auf unserem Online &#8211; Informationsportal und freuen uns, dass Sie sich \u00fcber uns und unser Angebot informieren m\u00f6chten.<\/p>\n<p>Hier erfahren Sie alles Wissenswerte \u00fcber uns und unser Angebot. Dar\u00fcber hinaus auch \u00fcber einige interessante Ausflugsziele und Besonderheiten in dieser Region. Kommen und entdecken auch Sie das Elbtal, die S\u00e4chsische Schweiz und das Elbsandsteingebirge.<\/p>\n<p>Falls Sie Fragen oder W\u00fcnsche haben, dann rufen Sie uns einfach an oder senden eine Nachricht.<\/p>\n<p>Wir w\u00fcrden uns freuen, Sie demn\u00e4chst als unseren Gast begr\u00fc\u00dfen zu d\u00fcrfen.<\/p>\n<p><img loading=\"lazy\" decoding=\"async\" class=\"alignnone size-full wp-image-524\" src=\"https:\/\/ferien-im-elbtal.de\/wp-content\/uploads\/2024\/08\/Startseite_Banner_unten_neu-2.jpg\" alt=\"\" width=\"650\" height=\"173\" srcset=\"https:\/\/ferien-im-elbtal.de\/wp-content\/uploads\/2024\/08\/Startseite_Banner_unten_neu-2.jpg 650w, https:\/\/ferien-im-elbtal.de\/wp-content\/uploads\/2024\/08\/Startseite_Banner_unten_neu-2-300x80.jpg 300w, https:\/\/ferien-im-elbtal.de\/wp-content\/uploads\/2024\/08\/Startseite_Banner_unten_neu-2-332x88.jpg 332w\" sizes=\"auto, (max-width: 650px) 100vw, 650px\" \/><\/p>\n","protected":false},"excerpt":{"rendered":"<p>Liebe Ferieng\u00e4ste, wir hei\u00dfen Sie hier herzlich Willkommen auf unserem Online &#8211; Informationsportal und freuen uns, dass Sie sich \u00fcber uns und unser Angebot informieren m\u00f6chten. Hier erfahren Sie alles Wissenswerte \u00fcber uns und unser Angebot. Dar\u00fcber hinaus auch \u00fcber einige interessante Ausflugsziele und Besonderheiten in dieser Region. Kommen und &#8230;<\/p>\n","protected":false},"author":1,"featured_media":230,"parent":0,"menu_order":0,"comment_status":"open","ping_status":"open","template":"","meta":{"ngg_post_thumbnail":0,"footnotes":""},"class_list":["post-177","page","type-page","status-publish","has-post-thumbnail","hentry","column","twocol","has-thumbnail"],"_links":{"self":[{"href":"https:\/\/ferien-im-elbtal.de\/index.php?rest_route=\/wp\/v2\/pages\/177","targetHints":{"allow":["GET"]}}],"collection":[{"href":"https:\/\/ferien-im-elbtal.de\/index.php?rest_route=\/wp\/v2\/pages"}],"about":[{"href":"https:\/\/ferien-im-elbtal.de\/index.php?rest_route=\/wp\/v2\/types\/page"}],"author":[{"embeddable":true,"href":"https:\/\/ferien-im-elbtal.de\/index.php?rest_route=\/wp\/v2\/users\/1"}],"replies":[{"embeddable":true,"href":"https:\/\/ferien-im-elbtal.de\/index.php?rest_route=%2Fwp%2Fv2%2Fcomments&post=177"}],"version-history":[{"count":15,"href":"https:\/\/ferien-im-elbtal.de\/index.php?rest_route=\/wp\/v2\/pages\/177\/revisions"}],"predecessor-version":[{"id":526,"href":"https:\/\/ferien-im-elbtal.de\/index.php?rest_route=\/wp\/v2\/pages\/177\/revisions\/526"}],"wp:featuredmedia":[{"embeddable":true,"href":"https:\/\/ferien-im-elbtal.de\/index.php?rest_route=\/wp\/v2\/media\/230"}],"wp:attachment":[{"href":"https:\/\/ferien-im-elbtal.de\/index.php?rest_route=%2Fwp%2Fv2%2Fmedia&parent=177"}],"curies":[{"name":"wp","href":"https:\/\/api.w.org\/{rel}","templated":true}]}}