{"id":183,"date":"2015-05-24T17:26:35","date_gmt":"2015-05-24T17:26:35","guid":{"rendered":"http:\/\/s391029735.online.de\/?page_id=183"},"modified":"2024-08-07T16:27:13","modified_gmt":"2024-08-07T16:27:13","slug":"preise-und-leistungen","status":"publish","type":"page","link":"https:\/\/ferien-im-elbtal.de\/?page_id=183","title":{"rendered":"Preise und Leistungen"},"content":{"rendered":"<p>&nbsp;<\/p>\n<h2>Preis f\u00fcr das Ferienhaus<\/h2>\n<p>Der Preis pro Tag betr\u00e4gt <strong><span style=\"color: #000000;\">65 Euro<\/span> f\u00fcr 2 Personen und 1 Kind<\/strong>.<\/p>\n<p>Die <strong>Mindestbuchungszeit <\/strong>betr\u00e4gt <strong>5 Tage.<\/strong><\/p>\n<p>F\u00fcr die <strong>Endreinigung<\/strong> wird unabh\u00e4ngig von der Aufenthaltsdauer eine Aufwandspauschale in H\u00f6he von <strong>50 Euro<\/strong> berechnet.<\/p>\n<p>Zus\u00e4tzlich erheben wir einen <strong><span style=\"color: #000000;\">verbrauchsabh\u00e4ngigen<\/span> Zuschlag f\u00fcr den Stromverbrauch<\/strong>. Dieser setzt sich zusammen aus den Stromkosten. Der Z\u00e4hlerstand wird gemeinsam mit Ihnen nach Ihrer Ankunft und vor Ihrer Abreise erfasst.<\/p>\n<p>&#8222;Am 1. Januar 2020 hat die Stadt Pirna eine G\u00e4stetaxe eingef\u00fchrt. Sie wird zur Finanzierung touristischer Infrastruktur oder Angebote verwendet. Erhoben wird die <strong>G\u00e4stetaxe in H\u00f6he von 3 \u20ac pro Nacht von allen Personen<\/strong>, die in Pirna entgeltpflichtig \u00fcbernachten.&#8220;<\/p>\n<p>&#8222;Im Gegenzug erhalten Besucher von ihrem Beherbergungsbetrieb exklusiv die&nbsp;<strong><span style=\"color: #000000;\"><em><a class=\"link--orange\" style=\"color: #000000;\" href=\"https:\/\/www.saechsische-schweiz.de\/region\/gaestekarte\/leistungsueberblick\/gaestekarte-mobil.html\" target=\"_blank\" rel=\"noopener noreferrer\">G\u00e4stekarte mobil<\/a><\/em><\/span>,<\/strong> mit der sie nicht nur zahlreiche Verg\u00fcnstigungen in der gesamten S\u00e4chsischen Schweiz erhalten, sondern auch noch in den Tarifzonen Pirna (70), Bad Gottleuba (71), Bad Schandau (72) und Neustadt (73) vom Anreise- bis zum Abreisetag den \u00f6ffentlichen Personennahverkehr&nbsp;<strong>kostenfrei&nbsp;<\/strong>nutzen k\u00f6nnen. Das beinhaltet S-Bahn, Regionalbahnen, Linienbusse und F\u00e4hren.&#8220;<\/p>\n<p>&nbsp;<\/p>\n<p>Die Bezahlung erfolgt am Anreisetag.<\/p>\n<p>&nbsp;<\/p>\n<h2>Bitte beachten Sie folgende Besonderheiten<\/h2>\n<p>&#8211; Nichtraucher<br \/>\n&#8211; Keine Haustiere<\/p>\n<p>&nbsp;<\/p>\n<h2>Inklusivleistungen<\/h2>\n<p>&#8211; Bettw\u00e4sche<br \/>\n&#8211; Handt\u00fccher<br \/>\n&#8211; Endreinigung<\/p>\n","protected":false},"excerpt":{"rendered":"<p>&nbsp; Preis f\u00fcr das Ferienhaus Der Preis pro Tag betr\u00e4gt 65 Euro f\u00fcr 2 Personen und 1 Kind. Die Mindestbuchungszeit betr\u00e4gt 5 Tage. F\u00fcr die Endreinigung wird unabh\u00e4ngig von der Aufenthaltsdauer eine Aufwandspauschale in H\u00f6he von 50 Euro berechnet. Zus\u00e4tzlich erheben wir einen verbrauchsabh\u00e4ngigen Zuschlag f\u00fcr den Stromverbrauch. Dieser setzt &#8230;<\/p>\n","protected":false},"author":1,"featured_media":0,"parent":0,"menu_order":0,"comment_status":"open","ping_status":"open","template":"","meta":{"ngg_post_thumbnail":0,"footnotes":""},"class_list":["post-183","page","type-page","status-publish","hentry","column","twocol"],"_links":{"self":[{"href":"https:\/\/ferien-im-elbtal.de\/index.php?rest_route=\/wp\/v2\/pages\/183","targetHints":{"allow":["GET"]}}],"collection":[{"href":"https:\/\/ferien-im-elbtal.de\/index.php?rest_route=\/wp\/v2\/pages"}],"about":[{"href":"https:\/\/ferien-im-elbtal.de\/index.php?rest_route=\/wp\/v2\/types\/page"}],"author":[{"embeddable":true,"href":"https:\/\/ferien-im-elbtal.de\/index.php?rest_route=\/wp\/v2\/users\/1"}],"replies":[{"embeddable":true,"href":"https:\/\/ferien-im-elbtal.de\/index.php?rest_route=%2Fwp%2Fv2%2Fcomments&post=183"}],"version-history":[{"count":13,"href":"https:\/\/ferien-im-elbtal.de\/index.php?rest_route=\/wp\/v2\/pages\/183\/revisions"}],"predecessor-version":[{"id":516,"href":"https:\/\/ferien-im-elbtal.de\/index.php?rest_route=\/wp\/v2\/pages\/183\/revisions\/516"}],"wp:attachment":[{"href":"https:\/\/ferien-im-elbtal.de\/index.php?rest_route=%2Fwp%2Fv2%2Fmedia&parent=183"}],"curies":[{"name":"wp","href":"https:\/\/api.w.org\/{rel}","templated":true}]}}