{"id":188,"date":"2015-05-24T17:29:04","date_gmt":"2015-05-24T17:29:04","guid":{"rendered":"http:\/\/s391029735.online.de\/?page_id=188"},"modified":"2024-08-07T16:57:18","modified_gmt":"2024-08-07T16:57:18","slug":"belegungsplan","status":"publish","type":"page","link":"https:\/\/ferien-im-elbtal.de\/?page_id=188","title":{"rendered":"Belegungsplan"},"content":{"rendered":"\n<p>Liebe Interessenten,<\/p>\n<!--<p>nachfolgend finden Sie unseren Belegungsplan \u00fcber welchen Sie sich einen \u00dcberblick \u00fcber unsere aktuelle Belegung machen k\u00f6nnen.<\/p>\n-->\n<p>leider k\u00f6nnen wir Ihnen aktuell keinen Belegungsplan zur Verf\u00fcgung stellen.<\/p>\n\n<!--\n<p>Bitte w\u00e4hlen Sie hierzu den f\u00fcr Sie in Frage kommenden Monat aus.<\/p>\n<p>[sbc title=\"no\"]<\/p>\n<p><img loading=\"lazy\" decoding=\"async\" class=\"alignnone size-full wp-image-396\" src=\"https:\/\/ferien-im-elbtal.de\/wp-content\/uploads\/2018\/01\/Legende_1.png\" alt=\"\" width=\"237\" height=\"91\"><\/p>\n-->\n\n<p>\n<!--\nUnser Ferienhaus ist jeweils buchbar in der Zeit von April bis Oktober (Saison).\n\n<iframe loading=\"lazy\" style=\"margin: 0;\" src=\"http:\/\/www.fewokalender.com\/print\/128?mode=1\" width=\"628\" height=\"470\" frameborder=\"0\" marginwidth=\"0\" marginheight=\"0\" scrolling=\"no\"><span data-mce-type=\"bookmark\" style=\"display: inline-block; width: 0px; overflow: hidden; line-height: 0;\" class=\"mce_SELRES_start\"><\/span><\/iframe>\n\n<a href=\"http:\/\/www.fewokalender.com\/belegungsplan\/128\">Ferienhaus Elbidyll - Belegungsplan<\/a>\n-->\n<\/p>\n\n<p>Unser Ferienhaus ist jeweils buchbar in der Zeit von April bis Oktober (Saison).<\/p>\n\n<p>Gerne stehen wir Ihnen f\u00fcr Anfragen zu Belegungszeiten pers\u00f6nlich per Telefon oder E-Mail zur Verf\u00fcgung.<\/p>\n\n<p>Marlies und Frank M\u00fcller<br>+ 49 (0) 3501 52 70 96<br>+ 49 (0) 173 986 95 66<br>ferien-im-elbtal@t-online.de<\/p>\n\n<p><a href=\"https:\/\/ferien-im-elbtal.de\/?page_id=195\">F\u00fcr eine Buchungsanfrage klicken Sie hier. <\/a><\/p>\n","protected":false},"excerpt":{"rendered":"<p>Liebe Interessenten, leider k\u00f6nnen wir Ihnen aktuell keinen Belegungsplan zur Verf\u00fcgung stellen. Unser Ferienhaus ist jeweils buchbar in der Zeit von April bis Oktober (Saison). Gerne stehen wir Ihnen f\u00fcr Anfragen zu Belegungszeiten pers\u00f6nlich per Telefon oder E-Mail zur Verf\u00fcgung. Marlies und Frank M\u00fcller+ 49 (0) 3501 52 70 96+ &#8230;<\/p>\n","protected":false},"author":1,"featured_media":0,"parent":0,"menu_order":0,"comment_status":"open","ping_status":"open","template":"","meta":{"ngg_post_thumbnail":0,"footnotes":""},"class_list":["post-188","page","type-page","status-publish","hentry","column","twocol"],"_links":{"self":[{"href":"https:\/\/ferien-im-elbtal.de\/index.php?rest_route=\/wp\/v2\/pages\/188","targetHints":{"allow":["GET"]}}],"collection":[{"href":"https:\/\/ferien-im-elbtal.de\/index.php?rest_route=\/wp\/v2\/pages"}],"about":[{"href":"https:\/\/ferien-im-elbtal.de\/index.php?rest_route=\/wp\/v2\/types\/page"}],"author":[{"embeddable":true,"href":"https:\/\/ferien-im-elbtal.de\/index.php?rest_route=\/wp\/v2\/users\/1"}],"replies":[{"embeddable":true,"href":"https:\/\/ferien-im-elbtal.de\/index.php?rest_route=%2Fwp%2Fv2%2Fcomments&post=188"}],"version-history":[{"count":32,"href":"https:\/\/ferien-im-elbtal.de\/index.php?rest_route=\/wp\/v2\/pages\/188\/revisions"}],"predecessor-version":[{"id":529,"href":"https:\/\/ferien-im-elbtal.de\/index.php?rest_route=\/wp\/v2\/pages\/188\/revisions\/529"}],"wp:attachment":[{"href":"https:\/\/ferien-im-elbtal.de\/index.php?rest_route=%2Fwp%2Fv2%2Fmedia&parent=188"}],"curies":[{"name":"wp","href":"https:\/\/api.w.org\/{rel}","templated":true}]}}