{"id":209,"date":"2015-05-24T19:00:27","date_gmt":"2015-05-24T19:00:27","guid":{"rendered":"http:\/\/s391029735.online.de\/?page_id=209"},"modified":"2015-05-24T23:38:25","modified_gmt":"2015-05-24T23:38:25","slug":"unser-angebot","status":"publish","type":"page","link":"https:\/\/ferien-im-elbtal.de\/?page_id=209","title":{"rendered":"Unser Angebot"},"content":{"rendered":"<\/p>\n<p>Wir m\u00f6chten Sie umf\u00e4nglich \u00fcber unser Angebot und unseren Service informieren.<\/p>\n<p>Bitte w\u00e4hlen Sie hierzu einen Men\u00fcpunkt unterhalb von &#8222;Unser Angebot&#8220;.<\/p>\n","protected":false},"excerpt":{"rendered":"<p>Wir m\u00f6chten Sie umf\u00e4nglich \u00fcber unser Angebot und unseren Service informieren. Bitte w\u00e4hlen Sie hierzu einen Men\u00fcpunkt unterhalb von &#8222;Unser Angebot&#8220;.<\/p>\n","protected":false},"author":1,"featured_media":0,"parent":0,"menu_order":0,"comment_status":"open","ping_status":"open","template":"","meta":{"ngg_post_thumbnail":0,"footnotes":""},"class_list":["post-209","page","type-page","status-publish","hentry","column","twocol"],"_links":{"self":[{"href":"https:\/\/ferien-im-elbtal.de\/index.php?rest_route=\/wp\/v2\/pages\/209","targetHints":{"allow":["GET"]}}],"collection":[{"href":"https:\/\/ferien-im-elbtal.de\/index.php?rest_route=\/wp\/v2\/pages"}],"about":[{"href":"https:\/\/ferien-im-elbtal.de\/index.php?rest_route=\/wp\/v2\/types\/page"}],"author":[{"embeddable":true,"href":"https:\/\/ferien-im-elbtal.de\/index.php?rest_route=\/wp\/v2\/users\/1"}],"replies":[{"embeddable":true,"href":"https:\/\/ferien-im-elbtal.de\/index.php?rest_route=%2Fwp%2Fv2%2Fcomments&post=209"}],"version-history":[{"count":6,"href":"https:\/\/ferien-im-elbtal.de\/index.php?rest_route=\/wp\/v2\/pages\/209\/revisions"}],"predecessor-version":[{"id":304,"href":"https:\/\/ferien-im-elbtal.de\/index.php?rest_route=\/wp\/v2\/pages\/209\/revisions\/304"}],"wp:attachment":[{"href":"https:\/\/ferien-im-elbtal.de\/index.php?rest_route=%2Fwp%2Fv2%2Fmedia&parent=209"}],"curies":[{"name":"wp","href":"https:\/\/api.w.org\/{rel}","templated":true}]}}