{"id":218,"date":"2015-05-24T19:00:39","date_gmt":"2015-05-24T19:00:39","guid":{"rendered":"http:\/\/s391029735.online.de\/?page_id=218"},"modified":"2020-05-30T10:30:48","modified_gmt":"2020-05-30T10:30:48","slug":"online-buchung","status":"publish","type":"page","link":"https:\/\/ferien-im-elbtal.de\/?page_id=218","title":{"rendered":"Online-Buchung"},"content":{"rendered":"<p>&nbsp;<\/p>\n<p>Bei uns k\u00f6nnen Sie Ihr Ferienhaus bequem per Telefon, E-Mail oder Kontaktformular buchen.<\/p>\n<p>Unser Ferienhaus ist jeweils buchbar in der Zeit von April bis Oktober (Saison).<\/p>\n<p>Gerne stehen wir Ihnen f\u00fcr Anfragen zu Belegungszeiten pers\u00f6nlich per Telefon oder E-Mail zur Verf\u00fcgung.<\/p>\n<p>Marlies und Frank M\u00fcller<br \/>\n+49 (0) 3501 52 70 96<br \/>\ninfo@ferien-im-elbtal.de<\/p>\n<p><a href=\"https:\/\/ferien-im-elbtal.de\/?page_id=195\">F\u00fcr eine Buchungsanfrage \u00fcber unser Kontaktformular klicken Sie bitte hier.<\/a><\/p>\n","protected":false},"excerpt":{"rendered":"<p>&nbsp; Bei uns k\u00f6nnen Sie Ihr Ferienhaus bequem per Telefon, E-Mail oder Kontaktformular buchen. Unser Ferienhaus ist jeweils buchbar in der Zeit von April bis Oktober (Saison). Gerne stehen wir Ihnen f\u00fcr Anfragen zu Belegungszeiten pers\u00f6nlich per Telefon oder E-Mail zur Verf\u00fcgung. Marlies und Frank M\u00fcller +49 (0) 3501 52 &#8230;<\/p>\n","protected":false},"author":1,"featured_media":0,"parent":0,"menu_order":0,"comment_status":"open","ping_status":"open","template":"","meta":{"ngg_post_thumbnail":0,"footnotes":""},"class_list":["post-218","page","type-page","status-publish","hentry","column","twocol"],"_links":{"self":[{"href":"https:\/\/ferien-im-elbtal.de\/index.php?rest_route=\/wp\/v2\/pages\/218","targetHints":{"allow":["GET"]}}],"collection":[{"href":"https:\/\/ferien-im-elbtal.de\/index.php?rest_route=\/wp\/v2\/pages"}],"about":[{"href":"https:\/\/ferien-im-elbtal.de\/index.php?rest_route=\/wp\/v2\/types\/page"}],"author":[{"embeddable":true,"href":"https:\/\/ferien-im-elbtal.de\/index.php?rest_route=\/wp\/v2\/users\/1"}],"replies":[{"embeddable":true,"href":"https:\/\/ferien-im-elbtal.de\/index.php?rest_route=%2Fwp%2Fv2%2Fcomments&post=218"}],"version-history":[{"count":9,"href":"https:\/\/ferien-im-elbtal.de\/index.php?rest_route=\/wp\/v2\/pages\/218\/revisions"}],"predecessor-version":[{"id":473,"href":"https:\/\/ferien-im-elbtal.de\/index.php?rest_route=\/wp\/v2\/pages\/218\/revisions\/473"}],"wp:attachment":[{"href":"https:\/\/ferien-im-elbtal.de\/index.php?rest_route=%2Fwp%2Fv2%2Fmedia&parent=218"}],"curies":[{"name":"wp","href":"https:\/\/api.w.org\/{rel}","templated":true}]}}